{"id":32,"date":"2016-02-24T23:22:00","date_gmt":"2016-02-24T23:22:00","guid":{"rendered":"https:\/\/schmuckesundfeines.de\/?page_id=32"},"modified":"2025-07-13T18:14:33","modified_gmt":"2025-07-13T16:14:33","slug":"willkommen","status":"publish","type":"page","link":"https:\/\/schmuckesundfeines.de\/","title":{"rendered":"Willkommen!"},"content":{"rendered":"<p style=\"padding-left: 150px;\">Sch\u00f6n, dass Sie vorbei schauen bei Schmuckes &amp; Feines, sch\u00f6nem Schmuck und feinen Geschenkideen aus M\u00fcnchen.<\/p>\n<p style=\"padding-left: 150px;\"><img loading=\"lazy\" decoding=\"async\" class=\"alignnone size-medium wp-image-201\" src=\"https:\/\/schmuckesundfeines.de\/wp-content\/uploads\/2018\/05\/IMG_4165_1500px-1-300x168.jpg\" alt=\"\" width=\"300\" height=\"168\" srcset=\"https:\/\/schmuckesundfeines.de\/wp-content\/uploads\/2018\/05\/IMG_4165_1500px-1-300x168.jpg 300w, https:\/\/schmuckesundfeines.de\/wp-content\/uploads\/2018\/05\/IMG_4165_1500px-1-768x431.jpg 768w, https:\/\/schmuckesundfeines.de\/wp-content\/uploads\/2018\/05\/IMG_4165_1500px-1-644x361.jpg 644w, https:\/\/schmuckesundfeines.de\/wp-content\/uploads\/2018\/05\/IMG_4165_1500px-1.jpg 1500w\" sizes=\"auto, (max-width: 300px) 100vw, 300px\" \/><\/p>\n<p style=\"padding-left: 150px;\">St\u00f6bern Sie doch einmal in meinem Shop auf <a style=\"color: #5687c3; outline: 0px;\" href=\"https:\/\/www.productswithlove.de\/store\/schmuckes-und-feines\">productswithlove<\/a>, dort finden Sie immer wieder neue Sch\u00e4tzchen.<br \/>\nIch freue mich auf Ihren Besuch.<\/p>\n<p style=\"padding-left: 330px;\"><img loading=\"lazy\" decoding=\"async\" class=\"alignnone size-medium wp-image-199\" src=\"https:\/\/schmuckesundfeines.de\/wp-content\/uploads\/2018\/05\/DaWanda_2017S018_1_2000px-300x148.jpg\" alt=\"\" width=\"300\" height=\"148\" srcset=\"https:\/\/schmuckesundfeines.de\/wp-content\/uploads\/2018\/05\/DaWanda_2017S018_1_2000px-300x148.jpg 300w, https:\/\/schmuckesundfeines.de\/wp-content\/uploads\/2018\/05\/DaWanda_2017S018_1_2000px-768x380.jpg 768w, https:\/\/schmuckesundfeines.de\/wp-content\/uploads\/2018\/05\/DaWanda_2017S018_1_2000px-644x318.jpg 644w, https:\/\/schmuckesundfeines.de\/wp-content\/uploads\/2018\/05\/DaWanda_2017S018_1_2000px.jpg 2000w\" sizes=\"auto, (max-width: 300px) 100vw, 300px\" \/><\/p>\n<p style=\"padding-left: 120px;\"><img loading=\"lazy\" decoding=\"async\" class=\"wp-image-47 alignnone\" src=\"https:\/\/schmuckesundfeines.de\/wp-content\/uploads\/2016\/02\/IMG_2190-e1456440097723-300x238.jpg\" alt=\"IMG_2190\" width=\"262\" height=\"208\" srcset=\"https:\/\/schmuckesundfeines.de\/wp-content\/uploads\/2016\/02\/IMG_2190-e1456440097723-300x238.jpg 300w, https:\/\/schmuckesundfeines.de\/wp-content\/uploads\/2016\/02\/IMG_2190-e1456440097723-768x608.jpg 768w, https:\/\/schmuckesundfeines.de\/wp-content\/uploads\/2016\/02\/IMG_2190-e1456440097723-1024x811.jpg 1024w\" sizes=\"auto, (max-width: 262px) 100vw, 262px\" \/><\/p>\n<p><img loading=\"lazy\" decoding=\"async\" class=\"wp-image-42 alignright\" src=\"https:\/\/schmuckesundfeines.de\/wp-content\/uploads\/2016\/02\/IMG_2133-300x200.jpg\" alt=\"IMG_2133\" width=\"356\" height=\"237\" srcset=\"https:\/\/schmuckesundfeines.de\/wp-content\/uploads\/2016\/02\/IMG_2133-300x200.jpg 300w, https:\/\/schmuckesundfeines.de\/wp-content\/uploads\/2016\/02\/IMG_2133-768x512.jpg 768w, https:\/\/schmuckesundfeines.de\/wp-content\/uploads\/2016\/02\/IMG_2133-1024x683.jpg 1024w\" sizes=\"auto, (max-width: 356px) 100vw, 356px\" \/><\/p>\n","protected":false},"excerpt":{"rendered":"<p>Sch\u00f6n, dass Sie vorbei schauen bei Schmuckes &amp; Feines, sch\u00f6nem Schmuck und feinen Geschenkideen aus M\u00fcnchen. St\u00f6bern Sie doch einmal in meinem Shop auf productswithlove, dort finden Sie immer wieder neue Sch\u00e4tzchen. Ich freue mich auf Ihren Besuch.<\/p>\n","protected":false},"author":1,"featured_media":0,"parent":0,"menu_order":1,"comment_status":"closed","ping_status":"closed","template":"","meta":{"footnotes":""},"class_list":["post-32","page","type-page","status-publish","hentry"],"_links":{"self":[{"href":"https:\/\/schmuckesundfeines.de\/index.php?rest_route=\/wp\/v2\/pages\/32","targetHints":{"allow":["GET"]}}],"collection":[{"href":"https:\/\/schmuckesundfeines.de\/index.php?rest_route=\/wp\/v2\/pages"}],"about":[{"href":"https:\/\/schmuckesundfeines.de\/index.php?rest_route=\/wp\/v2\/types\/page"}],"author":[{"embeddable":true,"href":"https:\/\/schmuckesundfeines.de\/index.php?rest_route=\/wp\/v2\/users\/1"}],"replies":[{"embeddable":true,"href":"https:\/\/schmuckesundfeines.de\/index.php?rest_route=%2Fwp%2Fv2%2Fcomments&post=32"}],"version-history":[{"count":18,"href":"https:\/\/schmuckesundfeines.de\/index.php?rest_route=\/wp\/v2\/pages\/32\/revisions"}],"predecessor-version":[{"id":277,"href":"https:\/\/schmuckesundfeines.de\/index.php?rest_route=\/wp\/v2\/pages\/32\/revisions\/277"}],"wp:attachment":[{"href":"https:\/\/schmuckesundfeines.de\/index.php?rest_route=%2Fwp%2Fv2%2Fmedia&parent=32"}],"curies":[{"name":"wp","href":"https:\/\/api.w.org\/{rel}","templated":true}]}}