{"id":128,"date":"2018-05-21T13:57:43","date_gmt":"2018-05-21T13:57:43","guid":{"rendered":"https:\/\/schmuckesundfeines.de\/?page_id=128"},"modified":"2025-07-13T18:14:10","modified_gmt":"2025-07-13T16:14:10","slug":"die-geschenkideen","status":"publish","type":"page","link":"https:\/\/schmuckesundfeines.de\/?page_id=128","title":{"rendered":"Die Geschenkideen"},"content":{"rendered":"<p style=\"padding-left: 80px;\">Neben Schmuck fertige ich auch Mitbringsel und kleine Aufmerksamkeiten wie z.B. Schl\u00fcsselanh\u00e4nger und K\u00fchlschrankmagnete.<\/p>\n<p><img loading=\"lazy\" decoding=\"async\" class=\"size-medium wp-image-188 aligncenter\" src=\"https:\/\/schmuckesundfeines.de\/wp-content\/uploads\/2018\/05\/Magnet_25mm_Smileys_1-300x246.jpg\" alt=\"\" width=\"300\" height=\"246\" srcset=\"https:\/\/schmuckesundfeines.de\/wp-content\/uploads\/2018\/05\/Magnet_25mm_Smileys_1-300x246.jpg 300w, https:\/\/schmuckesundfeines.de\/wp-content\/uploads\/2018\/05\/Magnet_25mm_Smileys_1-768x629.jpg 768w, https:\/\/schmuckesundfeines.de\/wp-content\/uploads\/2018\/05\/Magnet_25mm_Smileys_1-644x528.jpg 644w, https:\/\/schmuckesundfeines.de\/wp-content\/uploads\/2018\/05\/Magnet_25mm_Smileys_1.jpg 1600w\" sizes=\"auto, (max-width: 300px) 100vw, 300px\" \/><\/p>\n<p style=\"padding-left: 80px;\">Sie finden die Geschenkideen in meinem Shop auf <a href=\"https:\/\/www.productswithlove.de\/store\/schmuckes-und-feines\">productswithlove<\/a>\u00a0.<\/p>\n<p style=\"padding-left: 80px;\">Ich freue mich auf Ihren Besuch.<\/p>\n<p>\u00a0 \u00a0 \u00a0 \u00a0 \u00a0 \u00a0 \u00a0 \u00a0 \u00a0 \u00a0 \u00a0 \u00a0 \u00a0 \u00a0 \u00a0 \u00a0 \u00a0<img loading=\"lazy\" decoding=\"async\" class=\"size-medium wp-image-186 alignright\" src=\"https:\/\/schmuckesundfeines.de\/wp-content\/uploads\/2018\/05\/Schl\u00fcsselanh\u00e4nger_Clip_Fussb\u00e4lle_1-300x234.jpg\" alt=\"\" width=\"300\" height=\"234\" srcset=\"https:\/\/schmuckesundfeines.de\/wp-content\/uploads\/2018\/05\/Schl\u00fcsselanh\u00e4nger_Clip_Fussb\u00e4lle_1-300x234.jpg 300w, https:\/\/schmuckesundfeines.de\/wp-content\/uploads\/2018\/05\/Schl\u00fcsselanh\u00e4nger_Clip_Fussb\u00e4lle_1-768x599.jpg 768w, https:\/\/schmuckesundfeines.de\/wp-content\/uploads\/2018\/05\/Schl\u00fcsselanh\u00e4nger_Clip_Fussb\u00e4lle_1-644x502.jpg 644w, https:\/\/schmuckesundfeines.de\/wp-content\/uploads\/2018\/05\/Schl\u00fcsselanh\u00e4nger_Clip_Fussb\u00e4lle_1.jpg 1000w\" sizes=\"auto, (max-width: 300px) 100vw, 300px\" \/><\/p>\n","protected":false},"excerpt":{"rendered":"<p>Neben Schmuck fertige ich auch Mitbringsel und kleine Aufmerksamkeiten wie z.B. Schl\u00fcsselanh\u00e4nger und K\u00fchlschrankmagnete. Sie finden die Geschenkideen in meinem Shop auf productswithlove\u00a0. Ich freue mich auf Ihren Besuch. \u00a0 \u00a0 \u00a0 \u00a0 \u00a0 \u00a0 \u00a0 \u00a0 \u00a0 \u00a0 \u00a0 \u00a0 \u00a0 \u00a0 \u00a0 \u00a0 \u00a0<\/p>\n","protected":false},"author":1,"featured_media":0,"parent":0,"menu_order":0,"comment_status":"closed","ping_status":"closed","template":"","meta":{"footnotes":""},"class_list":["post-128","page","type-page","status-publish","hentry"],"_links":{"self":[{"href":"https:\/\/schmuckesundfeines.de\/index.php?rest_route=\/wp\/v2\/pages\/128","targetHints":{"allow":["GET"]}}],"collection":[{"href":"https:\/\/schmuckesundfeines.de\/index.php?rest_route=\/wp\/v2\/pages"}],"about":[{"href":"https:\/\/schmuckesundfeines.de\/index.php?rest_route=\/wp\/v2\/types\/page"}],"author":[{"embeddable":true,"href":"https:\/\/schmuckesundfeines.de\/index.php?rest_route=\/wp\/v2\/users\/1"}],"replies":[{"embeddable":true,"href":"https:\/\/schmuckesundfeines.de\/index.php?rest_route=%2Fwp%2Fv2%2Fcomments&post=128"}],"version-history":[{"count":5,"href":"https:\/\/schmuckesundfeines.de\/index.php?rest_route=\/wp\/v2\/pages\/128\/revisions"}],"predecessor-version":[{"id":252,"href":"https:\/\/schmuckesundfeines.de\/index.php?rest_route=\/wp\/v2\/pages\/128\/revisions\/252"}],"wp:attachment":[{"href":"https:\/\/schmuckesundfeines.de\/index.php?rest_route=%2Fwp%2Fv2%2Fmedia&parent=128"}],"curies":[{"name":"wp","href":"https:\/\/api.w.org\/{rel}","templated":true}]}}