{"id":121,"date":"2018-05-21T13:55:30","date_gmt":"2018-05-21T13:55:30","guid":{"rendered":"https:\/\/schmuckesundfeines.de\/?page_id=121"},"modified":"2025-07-13T18:14:23","modified_gmt":"2025-07-13T16:14:23","slug":"die-schmuckstuecke-2","status":"publish","type":"page","link":"https:\/\/schmuckesundfeines.de\/?page_id=121","title":{"rendered":"Die Schmuckst\u00fccke"},"content":{"rendered":"<p style=\"padding-left: 210px;\"><img loading=\"lazy\" decoding=\"async\" class=\"alignleft wp-image-191\" src=\"https:\/\/schmuckesundfeines.de\/wp-content\/uploads\/2018\/05\/DaWanda_2017S025_1_2000px-644x310.jpg\" alt=\"\" width=\"644\" height=\"310\" srcset=\"https:\/\/schmuckesundfeines.de\/wp-content\/uploads\/2018\/05\/DaWanda_2017S025_1_2000px-644x310.jpg 644w, https:\/\/schmuckesundfeines.de\/wp-content\/uploads\/2018\/05\/DaWanda_2017S025_1_2000px-300x144.jpg 300w, https:\/\/schmuckesundfeines.de\/wp-content\/uploads\/2018\/05\/DaWanda_2017S025_1_2000px-768x370.jpg 768w, https:\/\/schmuckesundfeines.de\/wp-content\/uploads\/2018\/05\/DaWanda_2017S025_1_2000px.jpg 2000w\" sizes=\"auto, (max-width: 644px) 100vw, 644px\" \/><\/p>\n<p style=\"padding-left: 80px;\">F\u00fcr meine Schmuckst\u00fccke verwende ich ganz unterschiedliche Materialien: Miyuki-Glasperlen zum F\u00e4deln in Peyote-, Gr\u00e4tenstich- und Netztechnik, Perlen und Spacer aus Metall oder selbstgestaltete Fimo-Perlen.<\/p>\n<p style=\"padding-left: 80px;\">Meine Ketten und Armb\u00e4nder sind immer Unikate.<\/p>\n<p style=\"padding-left: 80px;\">Sie finden meine Schmuckst\u00fccke in meinem Shop auf <a href=\"https:\/\/www.productswithlove.de\/store\/schmuckes-und-feines\">productswithlove<\/a>\u00a0.<\/p>\n<p style=\"padding-left: 80px;\">Ich freue mich auf Ihren Besuch.<\/p>\n<p style=\"padding-left: 210px; text-align: left;\">\u00a0 \u00a0 \u00a0 \u00a0 \u00a0 \u00a0 \u00a0 \u00a0 \u00a0<img loading=\"lazy\" decoding=\"async\" src=\"https:\/\/schmuckesundfeines.de\/wp-content\/uploads\/2018\/05\/DaWanda_2017S002_1_c_2000px-644x319.jpg\" alt=\"\" width=\"644\" height=\"319\" \/><\/p>\n<p>&nbsp;<\/p>\n<p>&nbsp;<\/p>\n<p>&nbsp;<\/p>\n<p>&nbsp;<\/p>\n","protected":false},"excerpt":{"rendered":"<p>F\u00fcr meine Schmuckst\u00fccke verwende ich ganz unterschiedliche Materialien: Miyuki-Glasperlen zum F\u00e4deln in Peyote-, Gr\u00e4tenstich- und Netztechnik, Perlen und Spacer aus Metall oder selbstgestaltete Fimo-Perlen. Meine Ketten und Armb\u00e4nder sind immer Unikate. Sie finden meine Schmuckst\u00fccke in meinem Shop auf productswithlove\u00a0. Ich freue mich auf Ihren Besuch. \u00a0 \u00a0 \u00a0 \u00a0 \u00a0 \u00a0 \u00a0 \u00a0 \u00a0&#8230;<\/p>\n","protected":false},"author":1,"featured_media":0,"parent":0,"menu_order":0,"comment_status":"closed","ping_status":"closed","template":"","meta":{"footnotes":""},"class_list":["post-121","page","type-page","status-publish","hentry"],"_links":{"self":[{"href":"https:\/\/schmuckesundfeines.de\/index.php?rest_route=\/wp\/v2\/pages\/121","targetHints":{"allow":["GET"]}}],"collection":[{"href":"https:\/\/schmuckesundfeines.de\/index.php?rest_route=\/wp\/v2\/pages"}],"about":[{"href":"https:\/\/schmuckesundfeines.de\/index.php?rest_route=\/wp\/v2\/types\/page"}],"author":[{"embeddable":true,"href":"https:\/\/schmuckesundfeines.de\/index.php?rest_route=\/wp\/v2\/users\/1"}],"replies":[{"embeddable":true,"href":"https:\/\/schmuckesundfeines.de\/index.php?rest_route=%2Fwp%2Fv2%2Fcomments&post=121"}],"version-history":[{"count":12,"href":"https:\/\/schmuckesundfeines.de\/index.php?rest_route=\/wp\/v2\/pages\/121\/revisions"}],"predecessor-version":[{"id":251,"href":"https:\/\/schmuckesundfeines.de\/index.php?rest_route=\/wp\/v2\/pages\/121\/revisions\/251"}],"wp:attachment":[{"href":"https:\/\/schmuckesundfeines.de\/index.php?rest_route=%2Fwp%2Fv2%2Fmedia&parent=121"}],"curies":[{"name":"wp","href":"https:\/\/api.w.org\/{rel}","templated":true}]}}